{"id":11924,"date":"2016-10-12T05:22:10","date_gmt":"2016-10-12T05:22:10","guid":{"rendered":"http:\/\/insightinfo.wpengine.com\/?page_id=11924"},"modified":"2026-04-08T14:56:31","modified_gmt":"2026-04-08T04:56:31","slug":"karriere","status":"publish","type":"page","link":"https:\/\/liberolms.com\/de\/ueber-uns\/karriere\/","title":{"rendered":"Karriere"},"content":{"rendered":"\t\t<div data-elementor-type=\"wp-page\" data-elementor-id=\"11924\" class=\"elementor elementor-11924\">\n\t\t\t\t\t\t<section class=\"elementor-section elementor-top-section elementor-element elementor-element-b9aa661 elementor-section-height-min-height elementor-section-stretched elementor-section-boxed elementor-section-height-default elementor-section-items-middle\" data-id=\"b9aa661\" data-element_type=\"section\" data-e-type=\"section\" data-settings=\"{&quot;background_background&quot;:&quot;gradient&quot;,&quot;shape_divider_bottom&quot;:&quot;waves&quot;,&quot;stretch_section&quot;:&quot;section-stretched&quot;}\">\n\t\t\t\t\t\t\t<div class=\"elementor-background-overlay\"><\/div>\n\t\t\t\t\t\t<div class=\"elementor-shape elementor-shape-bottom\" aria-hidden=\"true\" data-negative=\"false\">\n\t\t\t<svg xmlns=\"http:\/\/www.w3.org\/2000\/svg\" viewBox=\"0 0 1000 100\" preserveAspectRatio=\"none\">\n\t<path class=\"elementor-shape-fill\" d=\"M421.9,6.5c22.6-2.5,51.5,0.4,75.5,5.3c23.6,4.9,70.9,23.5,100.5,35.7c75.8,32.2,133.7,44.5,192.6,49.7\n\tc23.6,2.1,48.7,3.5,103.4-2.5c54.7-6,106.2-25.6,106.2-25.6V0H0v30.3c0,0,72,32.6,158.4,30.5c39.2-0.7,92.8-6.7,134-22.4\n\tc21.2-8.1,52.2-18.2,79.7-24.2C399.3,7.9,411.6,7.5,421.9,6.5z\"\/>\n<\/svg>\t\t<\/div>\n\t\t\t\t\t<div class=\"elementor-container elementor-column-gap-default\">\n\t\t\t\t\t<div class=\"elementor-column elementor-col-100 elementor-top-column elementor-element elementor-element-4040b80\" data-id=\"4040b80\" data-element_type=\"column\" data-e-type=\"column\">\n\t\t\t<div class=\"elementor-widget-wrap elementor-element-populated\">\n\t\t\t\t\t\t<div class=\"elementor-element elementor-element-3911218 elementor-view-default elementor-position-top elementor-widget elementor-widget-themo-header\" data-id=\"3911218\" data-element_type=\"widget\" data-e-type=\"widget\" data-settings=\"{&quot;_animation&quot;:&quot;none&quot;}\" data-widget_type=\"themo-header.default\">\n\t\t\t\t<div class=\"elementor-widget-container\">\n\t\t\t\t\t\t\t<div class=\"th-header-wrap\">\n        <div class=\"elementor-icon-box-wrapper \">\n                            <div class=\"elementor-icon-box-content\">\n                    <h1 class=\"elementor-icon-box-title\">\n                        Karriere                    <\/h1>\n                                        <p class=\"elementor-icon-box-description\">Werden Sie Teil des Knosys Libero Teams<\/p>\n\n                                    <\/div>\n            <\/div>\n\n        <\/div>\n\n\t\t\t\t\t\t<\/div>\n\t\t\t\t<\/div>\n\t\t\t\t\t<\/div>\n\t\t<\/div>\n\t\t\t\t\t<\/div>\n\t\t<\/section>\n\t\t\t\t<section class=\"elementor-section elementor-top-section elementor-element elementor-element-aacfa0b elementor-section-boxed elementor-section-height-default elementor-section-height-default\" data-id=\"aacfa0b\" data-element_type=\"section\" data-e-type=\"section\">\n\t\t\t\t\t\t<div class=\"elementor-container elementor-column-gap-wider\">\n\t\t\t\t\t<div class=\"elementor-column elementor-col-33 elementor-top-column elementor-element elementor-element-0442a56\" data-id=\"0442a56\" data-element_type=\"column\" data-e-type=\"column\">\n\t\t\t<div class=\"elementor-widget-wrap elementor-element-populated\">\n\t\t\t\t\t\t<div class=\"elementor-element elementor-element-870dc1a elementor-widget elementor-widget-heading\" data-id=\"870dc1a\" data-element_type=\"widget\" data-e-type=\"widget\" data-settings=\"{&quot;_animation&quot;:&quot;none&quot;}\" data-widget_type=\"heading.default\">\n\t\t\t\t<div class=\"elementor-widget-container\">\n\t\t\t\t\t<h3 class=\"elementor-heading-title elementor-size-default\">\u00dcber Knosys<\/h3>\t\t\t\t<\/div>\n\t\t\t\t<\/div>\n\t\t\t\t\t<\/div>\n\t\t<\/div>\n\t\t\t\t<div class=\"elementor-column elementor-col-66 elementor-top-column elementor-element elementor-element-ab88932\" data-id=\"ab88932\" data-element_type=\"column\" data-e-type=\"column\">\n\t\t\t<div class=\"elementor-widget-wrap elementor-element-populated\">\n\t\t\t\t\t\t<div class=\"elementor-element elementor-element-10e2c9e elementor-widget elementor-widget-heading\" data-id=\"10e2c9e\" data-element_type=\"widget\" data-e-type=\"widget\" data-settings=\"{&quot;_animation&quot;:&quot;none&quot;}\" data-widget_type=\"heading.default\">\n\t\t\t\t<div class=\"elementor-widget-container\">\n\t\t\t\t\t<p class=\"elementor-heading-title elementor-size-default\"><a href=\"https:\/\/www.knosys.co\/\">Libero ist eine L\u00f6sung von Knosys.\n<\/a><\/p>\t\t\t\t<\/div>\n\t\t\t\t<\/div>\n\t\t\t\t<div class=\"elementor-element elementor-element-4870052 elementor-widget elementor-widget-heading\" data-id=\"4870052\" data-element_type=\"widget\" data-e-type=\"widget\" data-settings=\"{&quot;_animation&quot;:&quot;none&quot;}\" data-widget_type=\"heading.default\">\n\t\t\t\t<div class=\"elementor-widget-container\">\n\t\t\t\t\t<p class=\"elementor-heading-title elementor-size-default\">Die Mission von Knosys ist es, ein f\u00fchrendes Software-as-a-Service (SaaS) Unternehmen zu sein, das Menschen und Informationen verbindet.<\/p>\t\t\t\t<\/div>\n\t\t\t\t<\/div>\n\t\t\t\t<div class=\"elementor-element elementor-element-b0ed658 elementor-widget elementor-widget-heading\" data-id=\"b0ed658\" data-element_type=\"widget\" data-e-type=\"widget\" data-settings=\"{&quot;_animation&quot;:&quot;none&quot;}\" data-widget_type=\"heading.default\">\n\t\t\t\t<div class=\"elementor-widget-container\">\n\t\t\t\t\t<p class=\"elementor-heading-title elementor-size-default\">Wir erm\u00f6glichen es Unternehmen, ihre Informationen auf intelligente Weise miteinander zu verkn\u00fcpfen und Gesch\u00e4ftsinformationen dadurch von einer Quelle der Komplexit\u00e4t in einen klaren Gesch\u00e4ftsvorteil zu verwandeln.<\/p>\t\t\t\t<\/div>\n\t\t\t\t<\/div>\n\t\t\t\t<div class=\"elementor-element elementor-element-3867aaa elementor-widget elementor-widget-heading\" data-id=\"3867aaa\" data-element_type=\"widget\" data-e-type=\"widget\" data-settings=\"{&quot;_animation&quot;:&quot;none&quot;}\" data-widget_type=\"heading.default\">\n\t\t\t\t<div class=\"elementor-widget-container\">\n\t\t\t\t\t<p class=\"elementor-heading-title elementor-size-default\">Wir entwickeln innovative Software.<\/p>\t\t\t\t<\/div>\n\t\t\t\t<\/div>\n\t\t\t\t\t<\/div>\n\t\t<\/div>\n\t\t\t\t\t<\/div>\n\t\t<\/section>\n\t\t\t\t<section class=\"elementor-section elementor-top-section elementor-element elementor-element-0dd0d65 elementor-section-boxed elementor-section-height-default elementor-section-height-default\" data-id=\"0dd0d65\" data-element_type=\"section\" data-e-type=\"section\" data-settings=\"{&quot;background_background&quot;:&quot;classic&quot;}\">\n\t\t\t\t\t\t<div class=\"elementor-container elementor-column-gap-wider\">\n\t\t\t\t\t<div class=\"elementor-column elementor-col-33 elementor-top-column elementor-element elementor-element-14cad32\" data-id=\"14cad32\" data-element_type=\"column\" data-e-type=\"column\">\n\t\t\t<div class=\"elementor-widget-wrap elementor-element-populated\">\n\t\t\t\t\t\t<div class=\"elementor-element elementor-element-697504e elementor-widget elementor-widget-heading\" data-id=\"697504e\" data-element_type=\"widget\" data-e-type=\"widget\" data-settings=\"{&quot;_animation&quot;:&quot;none&quot;}\" data-widget_type=\"heading.default\">\n\t\t\t\t<div class=\"elementor-widget-container\">\n\t\t\t\t\t<h3 class=\"elementor-heading-title elementor-size-default\">Unsere Werte<\/h3>\t\t\t\t<\/div>\n\t\t\t\t<\/div>\n\t\t\t\t\t<\/div>\n\t\t<\/div>\n\t\t\t\t<div class=\"elementor-column elementor-col-66 elementor-top-column elementor-element elementor-element-c6152d7\" data-id=\"c6152d7\" data-element_type=\"column\" data-e-type=\"column\">\n\t\t\t<div class=\"elementor-widget-wrap elementor-element-populated\">\n\t\t\t\t\t\t<div class=\"elementor-element elementor-element-28488ee elementor-widget elementor-widget-text-editor\" data-id=\"28488ee\" data-element_type=\"widget\" data-e-type=\"widget\" data-widget_type=\"text-editor.default\">\n\t\t\t\t<div class=\"elementor-widget-container\">\n\t\t\t\t\t\t\t\t\t<p>Zug\u00e4nglich sein<br \/>Integrit\u00e4t besitzen<br \/>Engagiert sein<br \/>Respektvoll sein<br \/>Ehrlichkeit<br \/>Flexibilit\u00e4t<br \/>Inklusivit\u00e4t<br \/>Verl\u00e4sslichkeit<br \/>Innovativ sein<\/p>\t\t\t\t\t\t\t\t<\/div>\n\t\t\t\t<\/div>\n\t\t\t\t\t<\/div>\n\t\t<\/div>\n\t\t\t\t\t<\/div>\n\t\t<\/section>\n\t\t\t\t<section class=\"elementor-section elementor-top-section elementor-element elementor-element-35f16fc elementor-section-boxed elementor-section-height-default elementor-section-height-default\" data-id=\"35f16fc\" data-element_type=\"section\" data-e-type=\"section\">\n\t\t\t\t\t\t<div class=\"elementor-container elementor-column-gap-default\">\n\t\t\t\t\t<div class=\"elementor-column elementor-col-100 elementor-top-column elementor-element elementor-element-bd4e4d6\" data-id=\"bd4e4d6\" data-element_type=\"column\" data-e-type=\"column\">\n\t\t\t<div class=\"elementor-widget-wrap elementor-element-populated\">\n\t\t\t\t\t\t<div class=\"elementor-element elementor-element-d9493a7 elementor-widget elementor-widget-heading\" data-id=\"d9493a7\" data-element_type=\"widget\" data-e-type=\"widget\" data-settings=\"{&quot;_animation&quot;:&quot;none&quot;}\" data-widget_type=\"heading.default\">\n\t\t\t\t<div class=\"elementor-widget-container\">\n\t\t\t\t\t<h2 class=\"elementor-heading-title elementor-size-default\">Keine aktuellen Stellenangebote<\/h2>\t\t\t\t<\/div>\n\t\t\t\t<\/div>\n\t\t\t\t\t<\/div>\n\t\t<\/div>\n\t\t\t\t\t<\/div>\n\t\t<\/section>\n\t\t\t\t<section class=\"elementor-section elementor-top-section elementor-element elementor-element-33b8fd1 elementor-hidden-desktop elementor-hidden-tablet elementor-hidden-mobile elementor-section-boxed elementor-section-height-default elementor-section-height-default\" data-id=\"33b8fd1\" data-element_type=\"section\" data-e-type=\"section\" data-settings=\"{&quot;background_background&quot;:&quot;classic&quot;}\">\n\t\t\t\t\t\t<div class=\"elementor-container elementor-column-gap-default\">\n\t\t\t\t\t<div class=\"elementor-column elementor-col-50 elementor-top-column elementor-element elementor-element-fe55a61\" data-id=\"fe55a61\" data-element_type=\"column\" data-e-type=\"column\" data-settings=\"{&quot;background_background&quot;:&quot;classic&quot;}\">\n\t\t\t<div class=\"elementor-widget-wrap elementor-element-populated\">\n\t\t\t\t\t\t<div class=\"elementor-element elementor-element-a43cd2d elementor-widget elementor-widget-image-box\" data-id=\"a43cd2d\" data-element_type=\"widget\" data-e-type=\"widget\" data-widget_type=\"image-box.default\">\n\t\t\t\t<div class=\"elementor-widget-container\">\n\t\t\t\t\t<div class=\"elementor-image-box-wrapper\"><div class=\"elementor-image-box-content\"><h3 class=\"elementor-image-box-title\">Library Solutions Consultant<\/h3><p class=\"elementor-image-box-description\">Location: Melbourne HO, or Remotely NSW or QLD, AUSTRALIA<\/p><\/div><\/div>\t\t\t\t<\/div>\n\t\t\t\t<\/div>\n\t\t\t\t<div class=\"elementor-element elementor-element-dfaf250 elementor-widget elementor-widget-text-editor\" data-id=\"dfaf250\" data-element_type=\"widget\" data-e-type=\"widget\" data-widget_type=\"text-editor.default\">\n\t\t\t\t<div class=\"elementor-widget-container\">\n\t\t\t\t\t\t\t\t\t<p>We are seeking a candidate to join our Libero Support and Customer Experience team, to work with our global Library customers.<\/p>\t\t\t\t\t\t\t\t<\/div>\n\t\t\t\t<\/div>\n\t\t\t\t<div class=\"elementor-element elementor-element-6ac0195 elementor-align-center elementor-mobile-align-center elementor-widget elementor-widget-button\" data-id=\"6ac0195\" data-element_type=\"widget\" data-e-type=\"widget\" data-settings=\"{&quot;_animation&quot;:&quot;none&quot;}\" data-widget_type=\"button.default\">\n\t\t\t\t<div class=\"elementor-widget-container\">\n\t\t\t\t\t\t\t\t\t<div class=\"elementor-button-wrapper\">\n\t\t\t\t\t<a class=\"elementor-button elementor-button-link elementor-size-sm\" href=\"https:\/\/liberolms.com\/de\/wp-content\/uploads\/2025\/12\/PD-Library-Solutions-Consultant-2025.pdf\" target=\"_blank\">\n\t\t\t\t\t\t<span class=\"elementor-button-content-wrapper\">\n\t\t\t\t\t\t\t\t\t<span class=\"elementor-button-text\">Click here for position description<\/span>\n\t\t\t\t\t<\/span>\n\t\t\t\t\t<\/a>\n\t\t\t\t<\/div>\n\t\t\t\t\t\t\t\t<\/div>\n\t\t\t\t<\/div>\n\t\t\t\t\t<\/div>\n\t\t<\/div>\n\t\t\t\t<div class=\"elementor-column elementor-col-50 elementor-top-column elementor-element elementor-element-fab8b4b\" data-id=\"fab8b4b\" data-element_type=\"column\" data-e-type=\"column\" data-settings=\"{&quot;background_background&quot;:&quot;classic&quot;}\">\n\t\t\t<div class=\"elementor-widget-wrap elementor-element-populated\">\n\t\t\t\t\t\t<div class=\"elementor-element elementor-element-ba4f8cd elementor-widget elementor-widget-image-box\" data-id=\"ba4f8cd\" data-element_type=\"widget\" data-e-type=\"widget\" data-widget_type=\"image-box.default\">\n\t\t\t\t<div class=\"elementor-widget-container\">\n\t\t\t\t\t<div class=\"elementor-image-box-wrapper\"><div class=\"elementor-image-box-content\"><h3 class=\"elementor-image-box-title\">Training Content Writer: Libero<\/h3><p class=\"elementor-image-box-description\">Location: Melbourne HO, or Remotely NSW or QLD, AUSTRALIA<\/p><\/div><\/div>\t\t\t\t<\/div>\n\t\t\t\t<\/div>\n\t\t\t\t<div class=\"elementor-element elementor-element-3d9850f elementor-widget elementor-widget-text-editor\" data-id=\"3d9850f\" data-element_type=\"widget\" data-e-type=\"widget\" data-widget_type=\"text-editor.default\">\n\t\t\t\t<div class=\"elementor-widget-container\">\n\t\t\t\t\t\t\t\t\t<p>We are seeking a candidate to join our Support and Customer Experience team, to develop online learner-focused training courses and materials for Libero.<\/p>\t\t\t\t\t\t\t\t<\/div>\n\t\t\t\t<\/div>\n\t\t\t\t<div class=\"elementor-element elementor-element-931d602 elementor-align-center elementor-mobile-align-center elementor-widget elementor-widget-button\" data-id=\"931d602\" data-element_type=\"widget\" data-e-type=\"widget\" data-settings=\"{&quot;_animation&quot;:&quot;none&quot;}\" data-widget_type=\"button.default\">\n\t\t\t\t<div class=\"elementor-widget-container\">\n\t\t\t\t\t\t\t\t\t<div class=\"elementor-button-wrapper\">\n\t\t\t\t\t<a class=\"elementor-button elementor-button-link elementor-size-sm\" href=\"https:\/\/liberolms.com\/de\/wp-content\/uploads\/2025\/12\/PD-Training-Content-Writer-Libero-2025.pdf\" target=\"_blank\">\n\t\t\t\t\t\t<span class=\"elementor-button-content-wrapper\">\n\t\t\t\t\t\t\t\t\t<span class=\"elementor-button-text\">Click here for position description<\/span>\n\t\t\t\t\t<\/span>\n\t\t\t\t\t<\/a>\n\t\t\t\t<\/div>\n\t\t\t\t\t\t\t\t<\/div>\n\t\t\t\t<\/div>\n\t\t\t\t\t<\/div>\n\t\t<\/div>\n\t\t\t\t\t<\/div>\n\t\t<\/section>\n\t\t\t\t<section class=\"elementor-section elementor-top-section elementor-element elementor-element-aa6e91f elementor-section-boxed elementor-section-height-default elementor-section-height-default\" data-id=\"aa6e91f\" data-element_type=\"section\" data-e-type=\"section\" data-settings=\"{&quot;background_background&quot;:&quot;gradient&quot;}\">\n\t\t\t\t\t\t\t<div class=\"elementor-background-overlay\"><\/div>\n\t\t\t\t\t\t\t<div class=\"elementor-container elementor-column-gap-default\">\n\t\t\t\t\t<div class=\"elementor-column elementor-col-66 elementor-top-column elementor-element elementor-element-b45a69d\" data-id=\"b45a69d\" data-element_type=\"column\" data-e-type=\"column\">\n\t\t\t<div class=\"elementor-widget-wrap elementor-element-populated\">\n\t\t\t\t\t\t<div class=\"elementor-element elementor-element-641a613 elementor-widget elementor-widget-heading\" data-id=\"641a613\" data-element_type=\"widget\" data-e-type=\"widget\" data-settings=\"{&quot;_animation&quot;:&quot;none&quot;}\" data-widget_type=\"heading.default\">\n\t\t\t\t<div class=\"elementor-widget-container\">\n\t\t\t\t\t<p class=\"elementor-heading-title elementor-size-default\">\nErfahren Sie mehr \u00fcber Libero.<\/p>\t\t\t\t<\/div>\n\t\t\t\t<\/div>\n\t\t\t\t\t<\/div>\n\t\t<\/div>\n\t\t\t\t<div class=\"elementor-column elementor-col-33 elementor-top-column elementor-element elementor-element-ddac541\" data-id=\"ddac541\" data-element_type=\"column\" data-e-type=\"column\">\n\t\t\t<div class=\"elementor-widget-wrap elementor-element-populated\">\n\t\t\t\t\t\t<div class=\"elementor-element elementor-element-612cddb elementor-align-right elementor-mobile-align-left elementor-widget elementor-widget-button\" data-id=\"612cddb\" data-element_type=\"widget\" data-e-type=\"widget\" data-settings=\"{&quot;_animation&quot;:&quot;none&quot;}\" data-widget_type=\"button.default\">\n\t\t\t\t<div class=\"elementor-widget-container\">\n\t\t\t\t\t\t\t\t\t<div class=\"elementor-button-wrapper\">\n\t\t\t\t\t<a class=\"elementor-button elementor-button-link elementor-size-lg\" href=\"https:\/\/liberolms.com\/de\/ueber-uns\/kontakt\/produktberatung\/\">\n\t\t\t\t\t\t<span class=\"elementor-button-content-wrapper\">\n\t\t\t\t\t\t\t\t\t<span class=\"elementor-button-text\"> KONTAKT AUFNEHMEN<\/span>\n\t\t\t\t\t<\/span>\n\t\t\t\t\t<\/a>\n\t\t\t\t<\/div>\n\t\t\t\t\t\t\t\t<\/div>\n\t\t\t\t<\/div>\n\t\t\t\t\t<\/div>\n\t\t<\/div>\n\t\t\t\t\t<\/div>\n\t\t<\/section>\n\t\t\t\t<\/div>\n\t\t","protected":false},"excerpt":{"rendered":"Karriere Werden Sie Teil des Knosys Libero Teams \u00dcber Knosys Libero ist eine L\u00f6sung von Knosys. Die Mission von Knosys ist es, ein f\u00fchrendes Software-as-a-Service (SaaS) Unternehmen zu sein, das Menschen und Informationen verbindet. Wir erm\u00f6glichen es Unternehmen, ihre Informationen&hellip;","protected":false},"author":27,"featured_media":11926,"parent":11772,"menu_order":5,"comment_status":"closed","ping_status":"closed","template":"","meta":{"footnotes":""},"class_list":["post-11924","page","type-page","status-publish","has-post-thumbnail","hentry"],"yoast_head":"<!-- This site is optimized with the Yoast SEO Premium plugin v27.4 (Yoast SEO v27.4) - https:\/\/yoast.com\/product\/yoast-seo-premium-wordpress\/ -->\n<title>Karriere | Libero Bibliotheksmanagementsystem<\/title>\n<meta name=\"description\" content=\"Karriere bei Libero. Werden Sie Teil unseres Teams und helfen Sie mit, eine der leistungsst\u00e4rksten BMS-L\u00f6sungen zu entwickeln.\" \/>\n<meta name=\"robots\" content=\"index, follow, max-snippet:-1, max-image-preview:large, max-video-preview:-1\" \/>\n<link rel=\"canonical\" href=\"https:\/\/liberolms.com\/de\/ueber-uns\/karriere\/\" \/>\n<meta property=\"og:locale\" content=\"de_DE\" \/>\n<meta property=\"og:type\" content=\"article\" \/>\n<meta property=\"og:title\" content=\"Karriere\" \/>\n<meta property=\"og:description\" content=\"Karriere bei Libero. Werden Sie Teil unseres Teams und helfen Sie mit, eine der leistungsst\u00e4rksten BMS-L\u00f6sungen zu entwickeln.\" \/>\n<meta property=\"og:url\" content=\"https:\/\/liberolms.com\/de\/ueber-uns\/karriere\/\" \/>\n<meta property=\"og:site_name\" content=\"Libero Bibliotheksmanagementsystem\" \/>\n<meta property=\"article:modified_time\" content=\"2026-04-08T04:56:31+00:00\" \/>\n<meta property=\"og:image\" content=\"https:\/\/liberolms.com\/de\/wp-content\/uploads\/sites\/3\/2016\/10\/jobs.png\" \/>\n\t<meta property=\"og:image:width\" content=\"1920\" \/>\n\t<meta property=\"og:image:height\" content=\"1080\" \/>\n\t<meta property=\"og:image:type\" content=\"image\/png\" \/>\n<meta name=\"twitter:card\" content=\"summary_large_image\" \/>\n<meta name=\"twitter:label1\" content=\"Est. reading time\" \/>\n\t<meta name=\"twitter:data1\" content=\"1\u00a0Minute\" \/>\n<script type=\"application\/ld+json\" class=\"yoast-schema-graph\">{\"@context\":\"https:\\\/\\\/schema.org\",\"@graph\":[{\"@type\":\"WebPage\",\"@id\":\"https:\\\/\\\/liberolms.com\\\/de\\\/ueber-uns\\\/karriere\\\/\",\"url\":\"https:\\\/\\\/liberolms.com\\\/de\\\/ueber-uns\\\/karriere\\\/\",\"name\":\"Karriere | Libero Bibliotheksmanagementsystem\",\"isPartOf\":{\"@id\":\"https:\\\/\\\/liberolms.com\\\/de\\\/#website\"},\"primaryImageOfPage\":{\"@id\":\"https:\\\/\\\/liberolms.com\\\/de\\\/ueber-uns\\\/karriere\\\/#primaryimage\"},\"image\":{\"@id\":\"https:\\\/\\\/liberolms.com\\\/de\\\/ueber-uns\\\/karriere\\\/#primaryimage\"},\"thumbnailUrl\":\"https:\\\/\\\/liberolms.com\\\/de\\\/wp-content\\\/uploads\\\/sites\\\/3\\\/2016\\\/10\\\/jobs.png\",\"datePublished\":\"2016-10-12T05:22:10+00:00\",\"dateModified\":\"2026-04-08T04:56:31+00:00\",\"description\":\"Karriere bei Libero. Werden Sie Teil unseres Teams und helfen Sie mit, eine der leistungsst\u00e4rksten BMS-L\u00f6sungen zu entwickeln.\",\"breadcrumb\":{\"@id\":\"https:\\\/\\\/liberolms.com\\\/de\\\/ueber-uns\\\/karriere\\\/#breadcrumb\"},\"inLanguage\":\"de\",\"potentialAction\":[{\"@type\":\"ReadAction\",\"target\":[\"https:\\\/\\\/liberolms.com\\\/de\\\/ueber-uns\\\/karriere\\\/\"]}]},{\"@type\":\"ImageObject\",\"inLanguage\":\"de\",\"@id\":\"https:\\\/\\\/liberolms.com\\\/de\\\/ueber-uns\\\/karriere\\\/#primaryimage\",\"url\":\"https:\\\/\\\/liberolms.com\\\/de\\\/wp-content\\\/uploads\\\/sites\\\/3\\\/2016\\\/10\\\/jobs.png\",\"contentUrl\":\"https:\\\/\\\/liberolms.com\\\/de\\\/wp-content\\\/uploads\\\/sites\\\/3\\\/2016\\\/10\\\/jobs.png\",\"width\":1920,\"height\":1080},{\"@type\":\"BreadcrumbList\",\"@id\":\"https:\\\/\\\/liberolms.com\\\/de\\\/ueber-uns\\\/karriere\\\/#breadcrumb\",\"itemListElement\":[{\"@type\":\"ListItem\",\"position\":1,\"name\":\"Home\",\"item\":\"https:\\\/\\\/liberolms.com\\\/de\\\/\"},{\"@type\":\"ListItem\",\"position\":2,\"name\":\"\u00dcber uns\",\"item\":\"https:\\\/\\\/liberolms.com\\\/de\\\/ueber-uns\\\/\"},{\"@type\":\"ListItem\",\"position\":3,\"name\":\"Karriere\"}]},{\"@type\":\"WebSite\",\"@id\":\"https:\\\/\\\/liberolms.com\\\/de\\\/#website\",\"url\":\"https:\\\/\\\/liberolms.com\\\/de\\\/\",\"name\":\"Libero Bibliotheksmanagementsystem\",\"description\":\"Eine L\u00f6sung von Knosys\",\"potentialAction\":[{\"@type\":\"SearchAction\",\"target\":{\"@type\":\"EntryPoint\",\"urlTemplate\":\"https:\\\/\\\/liberolms.com\\\/de\\\/?s={search_term_string}\"},\"query-input\":{\"@type\":\"PropertyValueSpecification\",\"valueRequired\":true,\"valueName\":\"search_term_string\"}}],\"inLanguage\":\"de\"}]}<\/script>\n<!-- \/ Yoast SEO Premium plugin. -->","yoast_head_json":{"title":"Karriere | Libero Bibliotheksmanagementsystem","description":"Karriere bei Libero. Werden Sie Teil unseres Teams und helfen Sie mit, eine der leistungsst\u00e4rksten BMS-L\u00f6sungen zu entwickeln.","robots":{"index":"index","follow":"follow","max-snippet":"max-snippet:-1","max-image-preview":"max-image-preview:large","max-video-preview":"max-video-preview:-1"},"canonical":"https:\/\/liberolms.com\/de\/ueber-uns\/karriere\/","og_locale":"de_DE","og_type":"article","og_title":"Karriere","og_description":"Karriere bei Libero. Werden Sie Teil unseres Teams und helfen Sie mit, eine der leistungsst\u00e4rksten BMS-L\u00f6sungen zu entwickeln.","og_url":"https:\/\/liberolms.com\/de\/ueber-uns\/karriere\/","og_site_name":"Libero Bibliotheksmanagementsystem","article_modified_time":"2026-04-08T04:56:31+00:00","og_image":[{"width":1920,"height":1080,"url":"https:\/\/liberolms.com\/de\/wp-content\/uploads\/sites\/3\/2016\/10\/jobs.png","type":"image\/png"}],"twitter_card":"summary_large_image","twitter_misc":{"Est. reading time":"1\u00a0Minute"},"schema":{"@context":"https:\/\/schema.org","@graph":[{"@type":"WebPage","@id":"https:\/\/liberolms.com\/de\/ueber-uns\/karriere\/","url":"https:\/\/liberolms.com\/de\/ueber-uns\/karriere\/","name":"Karriere | Libero Bibliotheksmanagementsystem","isPartOf":{"@id":"https:\/\/liberolms.com\/de\/#website"},"primaryImageOfPage":{"@id":"https:\/\/liberolms.com\/de\/ueber-uns\/karriere\/#primaryimage"},"image":{"@id":"https:\/\/liberolms.com\/de\/ueber-uns\/karriere\/#primaryimage"},"thumbnailUrl":"https:\/\/liberolms.com\/de\/wp-content\/uploads\/sites\/3\/2016\/10\/jobs.png","datePublished":"2016-10-12T05:22:10+00:00","dateModified":"2026-04-08T04:56:31+00:00","description":"Karriere bei Libero. Werden Sie Teil unseres Teams und helfen Sie mit, eine der leistungsst\u00e4rksten BMS-L\u00f6sungen zu entwickeln.","breadcrumb":{"@id":"https:\/\/liberolms.com\/de\/ueber-uns\/karriere\/#breadcrumb"},"inLanguage":"de","potentialAction":[{"@type":"ReadAction","target":["https:\/\/liberolms.com\/de\/ueber-uns\/karriere\/"]}]},{"@type":"ImageObject","inLanguage":"de","@id":"https:\/\/liberolms.com\/de\/ueber-uns\/karriere\/#primaryimage","url":"https:\/\/liberolms.com\/de\/wp-content\/uploads\/sites\/3\/2016\/10\/jobs.png","contentUrl":"https:\/\/liberolms.com\/de\/wp-content\/uploads\/sites\/3\/2016\/10\/jobs.png","width":1920,"height":1080},{"@type":"BreadcrumbList","@id":"https:\/\/liberolms.com\/de\/ueber-uns\/karriere\/#breadcrumb","itemListElement":[{"@type":"ListItem","position":1,"name":"Home","item":"https:\/\/liberolms.com\/de\/"},{"@type":"ListItem","position":2,"name":"\u00dcber uns","item":"https:\/\/liberolms.com\/de\/ueber-uns\/"},{"@type":"ListItem","position":3,"name":"Karriere"}]},{"@type":"WebSite","@id":"https:\/\/liberolms.com\/de\/#website","url":"https:\/\/liberolms.com\/de\/","name":"Libero Bibliotheksmanagementsystem","description":"Eine L\u00f6sung von Knosys","potentialAction":[{"@type":"SearchAction","target":{"@type":"EntryPoint","urlTemplate":"https:\/\/liberolms.com\/de\/?s={search_term_string}"},"query-input":{"@type":"PropertyValueSpecification","valueRequired":true,"valueName":"search_term_string"}}],"inLanguage":"de"}]}},"_links":{"self":[{"href":"https:\/\/liberolms.com\/de\/wp-json\/wp\/v2\/pages\/11924","targetHints":{"allow":["GET"]}}],"collection":[{"href":"https:\/\/liberolms.com\/de\/wp-json\/wp\/v2\/pages"}],"about":[{"href":"https:\/\/liberolms.com\/de\/wp-json\/wp\/v2\/types\/page"}],"author":[{"embeddable":true,"href":"https:\/\/liberolms.com\/de\/wp-json\/wp\/v2\/users\/27"}],"replies":[{"embeddable":true,"href":"https:\/\/liberolms.com\/de\/wp-json\/wp\/v2\/comments?post=11924"}],"version-history":[{"count":0,"href":"https:\/\/liberolms.com\/de\/wp-json\/wp\/v2\/pages\/11924\/revisions"}],"up":[{"embeddable":true,"href":"https:\/\/liberolms.com\/de\/wp-json\/wp\/v2\/pages\/11772"}],"wp:featuredmedia":[{"embeddable":true,"href":"https:\/\/liberolms.com\/de\/wp-json\/wp\/v2\/media\/11926"}],"wp:attachment":[{"href":"https:\/\/liberolms.com\/de\/wp-json\/wp\/v2\/media?parent=11924"}],"curies":[{"name":"wp","href":"https:\/\/api.w.org\/{rel}","templated":true}]}}